{"id":179,"date":"2025-03-12T10:02:34","date_gmt":"2025-03-12T13:02:34","guid":{"rendered":"https:\/\/vanguardiaseguridad.com\/?page_id=179"},"modified":"2025-04-25T11:50:15","modified_gmt":"2025-04-25T14:50:15","slug":"sobre","status":"publish","type":"page","link":"https:\/\/vanguardiaseguridad.com\/index.php\/sobre\/","title":{"rendered":"SOBRE NOSOTROS"},"content":{"rendered":"\t\t<div data-elementor-type=\"wp-page\" data-elementor-id=\"179\" class=\"elementor elementor-179\" data-elementor-post-type=\"page\">\n\t\t\t\t<div class=\"elementor-element elementor-element-764816e e-flex e-con-boxed e-con e-parent\" data-id=\"764816e\" data-element_type=\"container\" data-settings=\"{&quot;background_background&quot;:&quot;classic&quot;}\">\n\t\t\t\t\t<div class=\"e-con-inner\">\n\t\t<div class=\"elementor-element elementor-element-323c9448 e-flex e-con-boxed e-con e-child\" data-id=\"323c9448\" data-element_type=\"container\">\n\t\t\t\t\t<div class=\"e-con-inner\">\n\t\t\t\t\t<\/div>\n\t\t\t\t<\/div>\n\t\t\t\t\t<\/div>\n\t\t\t\t<\/div>\n\t\t<div class=\"elementor-element elementor-element-6204a870 e-flex e-con-boxed e-con e-parent\" data-id=\"6204a870\" data-element_type=\"container\">\n\t\t\t\t\t<div class=\"e-con-inner\">\n\t\t<div class=\"elementor-element elementor-element-60ad47f9 e-con-full e-flex e-con e-child\" data-id=\"60ad47f9\" data-element_type=\"container\">\n\t\t\t\t<div class=\"elementor-element elementor-element-197133a7 e-transform elementor-widget elementor-widget-image\" data-id=\"197133a7\" data-element_type=\"widget\" data-settings=\"{&quot;_transform_translateX_effect&quot;:{&quot;unit&quot;:&quot;px&quot;,&quot;size&quot;:22,&quot;sizes&quot;:[]},&quot;_transform_translateY_effect&quot;:{&quot;unit&quot;:&quot;px&quot;,&quot;size&quot;:18,&quot;sizes&quot;:[]},&quot;_transform_translateX_effect_tablet&quot;:{&quot;unit&quot;:&quot;px&quot;,&quot;size&quot;:&quot;&quot;,&quot;sizes&quot;:[]},&quot;_transform_translateX_effect_mobile&quot;:{&quot;unit&quot;:&quot;px&quot;,&quot;size&quot;:&quot;&quot;,&quot;sizes&quot;:[]},&quot;_transform_translateY_effect_tablet&quot;:{&quot;unit&quot;:&quot;px&quot;,&quot;size&quot;:&quot;&quot;,&quot;sizes&quot;:[]},&quot;_transform_translateY_effect_mobile&quot;:{&quot;unit&quot;:&quot;px&quot;,&quot;size&quot;:&quot;&quot;,&quot;sizes&quot;:[]}}\" data-widget_type=\"image.default\">\n\t\t\t\t<div class=\"elementor-widget-container\">\n\t\t\t\t\t\t\t\t\t\t\t\t\t\t\t<img fetchpriority=\"high\" decoding=\"async\" width=\"720\" height=\"734\" src=\"https:\/\/vanguardiaseguridad.com\/wp-content\/uploads\/2025\/03\/Imagem-do-WhatsApp-de-2025-03-07-as-12.06.05_f874dcab.jpg\" class=\"attachment-large size-large wp-image-185\" alt=\"\" srcset=\"https:\/\/vanguardiaseguridad.com\/wp-content\/uploads\/2025\/03\/Imagem-do-WhatsApp-de-2025-03-07-as-12.06.05_f874dcab.jpg 720w, https:\/\/vanguardiaseguridad.com\/wp-content\/uploads\/2025\/03\/Imagem-do-WhatsApp-de-2025-03-07-as-12.06.05_f874dcab-294x300.jpg 294w\" sizes=\"(max-width: 720px) 100vw, 720px\" \/>\t\t\t\t\t\t\t\t\t\t\t\t\t\t\t<\/div>\n\t\t\t\t<\/div>\n\t\t\t\t<\/div>\n\t\t<div class=\"elementor-element elementor-element-1f11657 animated-slow e-con-full e-flex elementor-invisible e-con e-child\" data-id=\"1f11657\" data-element_type=\"container\" data-settings=\"{&quot;animation&quot;:&quot;fadeInUp&quot;}\">\n\t\t\t\t<div class=\"elementor-element elementor-element-47ac5a2f elementor-widget elementor-widget-heading\" data-id=\"47ac5a2f\" data-element_type=\"widget\" data-widget_type=\"heading.default\">\n\t\t\t\t<div class=\"elementor-widget-container\">\n\t\t\t\t\t<h6 class=\"elementor-heading-title elementor-size-default\">VANGUARDIA SEGURIDAD URUGUAY <\/h6>\t\t\t\t<\/div>\n\t\t\t\t<\/div>\n\t\t\t\t<div class=\"elementor-element elementor-element-2d98b21c elementor-widget elementor-widget-text-editor\" data-id=\"2d98b21c\" data-element_type=\"widget\" data-widget_type=\"text-editor.default\">\n\t\t\t\t<div class=\"elementor-widget-container\">\n\t\t\t\t\t\t\t\t\t<p>Pertenece al Grupo LARCOR, somos una empresa l\u00edder en servicios de seguridad f\u00edsica, brindamos servicios de seguridad proactivos e inteligentes para ofrecer soluciones personalizadas y en evoluci\u00f3n que permiten a los clientes despreocuparse y preocuparse en lo que realmente importa.<\/p>\t\t\t\t\t\t\t\t<\/div>\n\t\t\t\t<\/div>\n\t\t\t\t<div class=\"elementor-element elementor-element-ef50033 elementor-widget elementor-widget-text-editor\" data-id=\"ef50033\" data-element_type=\"widget\" data-widget_type=\"text-editor.default\">\n\t\t\t\t<div class=\"elementor-widget-container\">\n\t\t\t\t\t\t\t\t\t<p><strong>MISI\u00d3N<\/strong>: Nuestra empresa, mediante sus relaciones con los clientes, ofrece soluciones, tecnolog\u00eda inteligente de avanzada, y servicios personalizados que permiten a los clientes enfocarse en sus negocios.<\/p>\t\t\t\t\t\t\t\t<\/div>\n\t\t\t\t<\/div>\n\t\t\t\t<div class=\"elementor-element elementor-element-f63f190 elementor-widget elementor-widget-text-editor\" data-id=\"f63f190\" data-element_type=\"widget\" data-widget_type=\"text-editor.default\">\n\t\t\t\t<div class=\"elementor-widget-container\">\n\t\t\t\t\t\t\t\t\t<p><strong>VISI\u00d3N<\/strong>: Ser la empresa de seguridad f\u00edsica m\u00e1s confiable y un socio de servicios inquebrantable de referencia en servicios de seguridad fisica.<\/p>\t\t\t\t\t\t\t\t<\/div>\n\t\t\t\t<\/div>\n\t\t\t\t<div class=\"elementor-element elementor-element-efe183f elementor-widget elementor-widget-heading\" data-id=\"efe183f\" data-element_type=\"widget\" data-widget_type=\"heading.default\">\n\t\t\t\t<div class=\"elementor-widget-container\">\n\t\t\t\t\t<h6 class=\"elementor-heading-title elementor-size-default\">Cumplimiento legal y normativo<\/h6>\t\t\t\t<\/div>\n\t\t\t\t<\/div>\n\t\t\t\t<div class=\"elementor-element elementor-element-d5fb313 elementor-widget elementor-widget-text-editor\" data-id=\"d5fb313\" data-element_type=\"widget\" data-widget_type=\"text-editor.default\">\n\t\t\t\t<div class=\"elementor-widget-container\">\n\t\t\t\t\t\t\t\t\t<p>Desarrollamos nuestra actividad en un marco de legalidad, transparencia y confiabilidad, donde llevamos a cabo las mejores pr\u00e1cticas operativas contemplando al cliente, el entorno y a nuestros trabajadores, asegurando el cumplimiento de la legislaci\u00f3n ambiental vigente, y el uso racional y responsable de los recursos naturales y energ\u00e9ticos.<\/p>\t\t\t\t\t\t\t\t<\/div>\n\t\t\t\t<\/div>\n\t\t\t\t<div class=\"elementor-element elementor-element-ee23024 elementor-widget elementor-widget-heading\" data-id=\"ee23024\" data-element_type=\"widget\" data-widget_type=\"heading.default\">\n\t\t\t\t<div class=\"elementor-widget-container\">\n\t\t\t\t\t<h6 class=\"elementor-heading-title elementor-size-default\">Trabajo en equipo y colaboraci\u00f3n<\/h6>\t\t\t\t<\/div>\n\t\t\t\t<\/div>\n\t\t\t\t<div class=\"elementor-element elementor-element-2b56e9b elementor-widget elementor-widget-text-editor\" data-id=\"2b56e9b\" data-element_type=\"widget\" data-widget_type=\"text-editor.default\">\n\t\t\t\t<div class=\"elementor-widget-container\">\n\t\t\t\t\t\t\t\t\t<p>Nuestros colaboradores se esfuerzan para crear la mejor empresa transmitiendo confianza d\u00eda a d\u00eda, s\u00f3lo si trabajamos juntos alcanzaremos la visi\u00f3n planteada.<\/p>\t\t\t\t\t\t\t\t<\/div>\n\t\t\t\t<\/div>\n\t\t<div class=\"elementor-element elementor-element-4322c920 e-flex e-con-boxed e-con e-child\" data-id=\"4322c920\" data-element_type=\"container\">\n\t\t\t\t\t<div class=\"e-con-inner\">\n\t\t<div class=\"elementor-element elementor-element-65ba853d e-flex e-con-boxed e-con e-child\" data-id=\"65ba853d\" data-element_type=\"container\">\n\t\t\t\t\t<div class=\"e-con-inner\">\n\t\t\t\t\t<\/div>\n\t\t\t\t<\/div>\n\t\t\t\t\t<\/div>\n\t\t\t\t<\/div>\n\t\t\t\t<\/div>\n\t\t\t\t\t<\/div>\n\t\t\t\t<\/div>\n\t\t\t\t<\/div>\n\t\t","protected":false},"excerpt":{"rendered":"<p>VANGUARDIA SEGURIDAD URUGUAY Pertenece al Grupo LARCOR, somos una empresa l\u00edder en servicios de seguridad f\u00edsica, brindamos servicios de seguridad proactivos e inteligentes para ofrecer soluciones personalizadas y en evoluci\u00f3n que permiten a los clientes despreocuparse y preocuparse en lo que realmente importa. MISI\u00d3N: Nuestra empresa, mediante sus relaciones con los clientes, ofrece soluciones, tecnolog\u00eda [&hellip;]<\/p>\n","protected":false},"author":1,"featured_media":0,"parent":0,"menu_order":0,"comment_status":"closed","ping_status":"closed","template":"","meta":{"footnotes":""},"class_list":["post-179","page","type-page","status-publish","hentry"],"_links":{"self":[{"href":"https:\/\/vanguardiaseguridad.com\/index.php\/wp-json\/wp\/v2\/pages\/179","targetHints":{"allow":["GET"]}}],"collection":[{"href":"https:\/\/vanguardiaseguridad.com\/index.php\/wp-json\/wp\/v2\/pages"}],"about":[{"href":"https:\/\/vanguardiaseguridad.com\/index.php\/wp-json\/wp\/v2\/types\/page"}],"author":[{"embeddable":true,"href":"https:\/\/vanguardiaseguridad.com\/index.php\/wp-json\/wp\/v2\/users\/1"}],"replies":[{"embeddable":true,"href":"https:\/\/vanguardiaseguridad.com\/index.php\/wp-json\/wp\/v2\/comments?post=179"}],"version-history":[{"count":16,"href":"https:\/\/vanguardiaseguridad.com\/index.php\/wp-json\/wp\/v2\/pages\/179\/revisions"}],"predecessor-version":[{"id":391,"href":"https:\/\/vanguardiaseguridad.com\/index.php\/wp-json\/wp\/v2\/pages\/179\/revisions\/391"}],"wp:attachment":[{"href":"https:\/\/vanguardiaseguridad.com\/index.php\/wp-json\/wp\/v2\/media?parent=179"}],"curies":[{"name":"wp","href":"https:\/\/api.w.org\/{rel}","templated":true}]}}