{"id":306,"date":"2025-03-12T14:27:52","date_gmt":"2025-03-12T17:27:52","guid":{"rendered":"https:\/\/vanguardiaseguridad.com\/?page_id=306"},"modified":"2025-03-12T14:28:31","modified_gmt":"2025-03-12T17:28:31","slug":"responsabilidad-social","status":"publish","type":"page","link":"https:\/\/vanguardiaseguridad.com\/index.php\/responsabilidad-social\/","title":{"rendered":"RESPONSABILIDAD SOCIAL"},"content":{"rendered":"\t\t<div data-elementor-type=\"wp-page\" data-elementor-id=\"306\" class=\"elementor elementor-306\" data-elementor-post-type=\"page\">\n\t\t\t\t<div class=\"elementor-element elementor-element-14d935b5 e-flex e-con-boxed e-con e-parent\" data-id=\"14d935b5\" data-element_type=\"container\" data-settings=\"{&quot;background_background&quot;:&quot;classic&quot;}\">\n\t\t\t\t\t<div class=\"e-con-inner\">\n\t\t<div class=\"elementor-element elementor-element-60a55bac e-flex e-con-boxed e-con e-child\" data-id=\"60a55bac\" data-element_type=\"container\">\n\t\t\t\t\t<div class=\"e-con-inner\">\n\t\t\t\t\t<\/div>\n\t\t\t\t<\/div>\n\t\t\t\t\t<\/div>\n\t\t\t\t<\/div>\n\t\t<div class=\"elementor-element elementor-element-3a7d49e6 e-flex e-con-boxed e-con e-parent\" data-id=\"3a7d49e6\" data-element_type=\"container\">\n\t\t\t\t\t<div class=\"e-con-inner\">\n\t\t<div class=\"elementor-element elementor-element-53646ee9 animated-slow e-con-full e-flex elementor-invisible e-con e-child\" data-id=\"53646ee9\" data-element_type=\"container\" data-settings=\"{&quot;animation&quot;:&quot;fadeInUp&quot;}\">\n\t\t\t\t<div class=\"elementor-element elementor-element-42f153a9 elementor-widget elementor-widget-text-editor\" data-id=\"42f153a9\" data-element_type=\"widget\" data-widget_type=\"text-editor.default\">\n\t\t\t\t<div class=\"elementor-widget-container\">\n\t\t\t\t\t\t\t\t\t<p>En vanguardia Protegemos nuestra comunidad apoyando la organizaciones sin fines de lucro con nuestros servicios de guardias de seguridad f\u00edsico junto al programa KO de la Junta Nacional de Drogas.<\/p><p>Colaboramos con la seguridad f\u00edsica en determinados eventos deportivos, pensamos que juntos podemos hacer mucho m\u00e1s.<\/p><p>Adem\u00e1s, aseguramos el bienestar y el crecimiento tambi\u00e9n de nuestros empleados y sus familias brindando talleres para mejorar la seguridad, la autoprotecci\u00f3n, las finanzas y combatir la violencia en los hogares y la sociedad.<\/p>\t\t\t\t\t\t\t\t<\/div>\n\t\t\t\t<\/div>\n\t\t\t\t<\/div>\n\t\t\t\t\t<\/div>\n\t\t\t\t<\/div>\n\t\t\t\t<\/div>\n\t\t","protected":false},"excerpt":{"rendered":"<p>En vanguardia Protegemos nuestra comunidad apoyando la organizaciones sin fines de lucro con nuestros servicios de guardias de seguridad f\u00edsico junto al programa KO de la Junta Nacional de Drogas. Colaboramos con la seguridad f\u00edsica en determinados eventos deportivos, pensamos que juntos podemos hacer mucho m\u00e1s. Adem\u00e1s, aseguramos el bienestar y el crecimiento tambi\u00e9n de [&hellip;]<\/p>\n","protected":false},"author":1,"featured_media":0,"parent":0,"menu_order":0,"comment_status":"closed","ping_status":"closed","template":"","meta":{"footnotes":""},"class_list":["post-306","page","type-page","status-publish","hentry"],"_links":{"self":[{"href":"https:\/\/vanguardiaseguridad.com\/index.php\/wp-json\/wp\/v2\/pages\/306","targetHints":{"allow":["GET"]}}],"collection":[{"href":"https:\/\/vanguardiaseguridad.com\/index.php\/wp-json\/wp\/v2\/pages"}],"about":[{"href":"https:\/\/vanguardiaseguridad.com\/index.php\/wp-json\/wp\/v2\/types\/page"}],"author":[{"embeddable":true,"href":"https:\/\/vanguardiaseguridad.com\/index.php\/wp-json\/wp\/v2\/users\/1"}],"replies":[{"embeddable":true,"href":"https:\/\/vanguardiaseguridad.com\/index.php\/wp-json\/wp\/v2\/comments?post=306"}],"version-history":[{"count":4,"href":"https:\/\/vanguardiaseguridad.com\/index.php\/wp-json\/wp\/v2\/pages\/306\/revisions"}],"predecessor-version":[{"id":314,"href":"https:\/\/vanguardiaseguridad.com\/index.php\/wp-json\/wp\/v2\/pages\/306\/revisions\/314"}],"wp:attachment":[{"href":"https:\/\/vanguardiaseguridad.com\/index.php\/wp-json\/wp\/v2\/media?parent=306"}],"curies":[{"name":"wp","href":"https:\/\/api.w.org\/{rel}","templated":true}]}}